{"id":1752,"date":"2024-05-26T16:14:25","date_gmt":"2024-05-26T14:14:25","guid":{"rendered":"http:\/\/wordpress2427824.home.pl\/wordpress\/?page_id=1752"},"modified":"2024-09-29T19:54:32","modified_gmt":"2024-09-29T17:54:32","slug":"cennik","status":"publish","type":"page","link":"http:\/\/www.mrpro.pl\/en\/cennik\/","title":{"rendered":"Prices"},"content":{"rendered":"<h1 class=\"wp-block-heading\">Cold rooms prices<\/h1>\n\n\n\n<p class=\"translation-block\"><p>Wiele artyku\u0142\u00f3w spo\u017cywczych, a tak\u017ce lek\u00f3w i ro\u015blin, nale\u017cy wykorzysta\u0107 w kr\u00f3tkim czasie po ich kupieniu, otrzymaniu czy zerwaniu. W przeciwnym razie mog\u0105 si\u0119 zepsu\u0107 \u2013 chyba \u017ce zastosuje si\u0119 odpowiednie rozwi\u0105zania, kt\u00f3re pozwalaj\u0105 na d\u0142ugotrwa\u0142e przechowywanie tego rodzaju produkt\u00f3w. W\u0142a\u015bnie w tym celu wykorzystuje si\u0119 <a href=\"http:\/\/www.mrpro.pl\/en\/produkty\/komory-chlodnicze\/\" target=\"_self\">komory ch\u0142odnicze<\/a>, kt\u00f3rych projektowaniem i budow\u0105 zajmuje si\u0119 nasza firma. <strong>Gwarantujemy zar\u00f3wno wysok\u0105 jako\u015b\u0107 us\u0142ug i u\u017cytych materia\u0142\u00f3w oraz urz\u0105dze\u0144, jak i atrakcyjny cennik.<\/strong> Zdajemy sobie bowiem spraw\u0119, \u017ce inwestycja w tego rodzaju obiekt jest bardzo kosztowna, dlatego wychodzimy naprzeciw potrzebom naszych klient\u00f3w, oferuj\u0105c konkurencyjne stawki.<\/p><\/p>\n\n\n\n<p class=\"translation-block\"><p>Dzi\u0119ki komorze ch\u0142odniczej mo\u017cna zapewni\u0107 w\u0142a\u015bciwe warunki do gromadzenia produkt\u00f3w spo\u017cywczych, lek\u00f3w i ro\u015blin nawet przez wiele d\u0142ugich miesi\u0119cy. Zachowanie odpowiedniej temperatury pozwala nie martwi\u0107 si\u0119 tym, \u017ce przechowywane artyku\u0142y si\u0119 popsuj\u0105 czy strac\u0105 swoje w\u0142a\u015bciwo\u015bci smakowe b\u0105d\u017a od\u017cywcze. <strong>Dobieramy rozwi\u0105zania, kt\u00f3re cechuj\u0105 si\u0119 \u015bwietn\u0105 wydajno\u015bci\u0105 i przek\u0142adaj\u0105 si\u0119 na wieloletni\u0105 wytrzyma\u0142o\u015b\u0107 komory ch\u0142odniczej.<\/strong> Jednocze\u015bnie proponujemy wyj\u0105tkowo atrakcyjne ceny, co wraz z najwy\u017csz\u0105 jako\u015bci\u0105 \u015bwiadczonych us\u0142ug pozwala nam na pozyskiwanie zaufania klient\u00f3w z ca\u0142ego kraju.<\/p><\/p>\n\n\n\n<p class=\"translation-block\"><p>Nasz zesp\u00f3\u0142 sk\u0142ada si\u0119 ze specjalist\u00f3w, przed kt\u00f3rymi technologie ch\u0142odnicze nie maj\u0105 \u017cadnych tajemnic. Wynika to z jednej strony z kierunkowego wykszta\u0142cenia in\u017cynierskiego, a z drugiej \u2013 z wieloletniego do\u015bwiadczenia w pracy w tej bran\u017cy. Dzi\u0119ki niemu budujemy komory szybko, sprawnie i przy tym wyj\u0105tkowo skutecznie. <strong>Realizuj\u0105c dowolne zlecenie, przestrzegamy obowi\u0105zuj\u0105cych standard\u00f3w technologicznych, a zarazem dostosowujemy konstrukcj\u0119 do potrzeb, oczekiwa\u0144 i mo\u017cliwo\u015bci klienta.<\/strong> Mimo wysokiej jako\u015bci, cena oferowanych przez nas us\u0142ug jest wyj\u0105tkowo zach\u0119caj\u0105ca.<\/p><\/p>\n\n\n\n<h2 class=\"wp-block-heading\">Prices of cold rooms<\/h2>\n\n\n\n<p class=\"translation-block\"><p>Projektuj\u0105c i buduj\u0105c komor\u0119 ch\u0142odnicz\u0105, wykorzystujemy urz\u0105dzenia i podzespo\u0142y, kt\u00f3re gwarantuj\u0105 optymaln\u0105 prac\u0119 ca\u0142ej konstrukcji. <strong>Stawiamy na rozwi\u0105zania nie tylko skuteczne i wytrzyma\u0142e, ale r\u00f3wnie\u017c oszcz\u0119dne w eksploatacji.<\/strong> Z punktu widzenia zamawiaj\u0105cego jest bowiem niezwykle wa\u017cne, aby gotowy obiekt generowa\u0142 jak najni\u017csze koszty. Rosn\u0105ca cena pr\u0105du sprawia, \u017ce energooszcz\u0119dne rozwi\u0105zania s\u0105 bardzo po\u017c\u0105dane przez klient\u00f3w. Mamy to na uwadze, podej<\/p>\n\n\n\n<p class=\"translation-block\"><p>Zapraszamy do wsp\u00f3\u0142pracy zar\u00f3wno osoby prywatne, jak i przedsi\u0119biorstwa oraz podmioty instytucjonalne. Warto nam zaufa\u0107 bez wzgl\u0119du na to, jak du\u017ce maj\u0105 by\u0107 komory ch\u0142odnicze i jakie jest ich przeznaczenie. <strong>Pozostawiamy klientowi wyb\u00f3r zakresu temperatur i g\u0142\u00f3wnie pod<\/p>\n\n\n\n<p class=\"translation-block\"><p>W razie potrzeby zapewniamy doradztwo merytoryczne przy realizacji inwestycji. <strong>Nie wiedz\u0105c, jak j\u0105 zaplanowa\u0107, mo\u017cna si\u0119 zg\u0142osi\u0107 do nas o fachow\u0105 pomoc, kt\u00f3rej postaramy si\u0119 udzieli\u0107 najlepiej, jak potrafimy, z powodzeniem rozwi\u0105zuj\u0105c problem klienta.<\/strong> W zale\u017cno\u015bci od specyfiki zam\u00f3wienia i lokalizacji, w kt\u00f3rej jest ona umiejscowiona,<\/p>\n\n\n\n<p class=\"translation-block\"><p>Zdajemy sobie spraw\u0119, \u017ce w przypadku tego rodzaju konstrukcji liczy si\u0119 ka\u017cdy, nawet najmniejszy detal, dlatego pracujemy z najwy\u017csz\u0105 staranno\u015bci\u0105. \u015awiadczymy us\u0142ugi na rzecz klient\u00f3w z wielu bran\u017c, pocz\u0105wszy od mi\u0119snej i spo\u017cywczej, poprzez medyczn\u0105, sko\u0144czywszy na florystycznej. <strong>Ka\u017cda wykony<\/p>","protected":false},"excerpt":{"rendered":"<p>Komory ch\u0142odnicze cennik Wiele artyku\u0142\u00f3w spo\u017cywczych, a tak\u017ce lek\u00f3w i ro\u015blin, nale\u017cy wykorzysta\u0107 w kr\u00f3tkim czasie po ich kupieniu, otrzymaniu czy zerwaniu. W przeciwnym razie mog\u0105 si\u0119 zepsu\u0107 \u2013 chyba \u017ce zastosuje si\u0119 odpowiednie rozwi\u0105zania, kt\u00f3re pozwalaj\u0105 na d\u0142ugotrwa\u0142e przechowywanie tego rodzaju produkt\u00f3w. W\u0142a\u015bnie w tym celu wykorzystuje si\u0119 komory ch\u0142odnicze, kt\u00f3rych projektowaniem i budow\u0105 [&hellip;]<\/p>","protected":false},"author":1,"featured_media":0,"parent":0,"menu_order":0,"comment_status":"closed","ping_status":"closed","template":"","meta":{"_acf_changed":false,"footnotes":""},"class_list":["post-1752","page","type-page","status-publish","hentry"],"acf":[],"_links":{"self":[{"href":"http:\/\/www.mrpro.pl\/en\/wp-json\/wp\/v2\/pages\/1752","targetHints":{"allow":["GET"]}}],"collection":[{"href":"http:\/\/www.mrpro.pl\/en\/wp-json\/wp\/v2\/pages"}],"about":[{"href":"http:\/\/www.mrpro.pl\/en\/wp-json\/wp\/v2\/types\/page"}],"author":[{"embeddable":true,"href":"http:\/\/www.mrpro.pl\/en\/wp-json\/wp\/v2\/users\/1"}],"replies":[{"embeddable":true,"href":"http:\/\/www.mrpro.pl\/en\/wp-json\/wp\/v2\/comments?post=1752"}],"version-history":[{"count":2,"href":"http:\/\/www.mrpro.pl\/en\/wp-json\/wp\/v2\/pages\/1752\/revisions"}],"predecessor-version":[{"id":1892,"href":"http:\/\/www.mrpro.pl\/en\/wp-json\/wp\/v2\/pages\/1752\/revisions\/1892"}],"wp:attachment":[{"href":"http:\/\/www.mrpro.pl\/en\/wp-json\/wp\/v2\/media?parent=1752"}],"curies":[{"name":"wp","href":"https:\/\/api.w.org\/{rel}","templated":true}]}}